{"id":42,"date":"2015-11-03T11:41:32","date_gmt":"2015-11-03T10:41:32","guid":{"rendered":"http:\/\/lareboussiere.fr\/?page_id=42"},"modified":"2023-01-20T12:46:50","modified_gmt":"2023-01-20T11:46:50","slug":"titre-de-la-page-dactivites-a-modifier","status":"publish","type":"page","link":"https:\/\/petilia-monza.com\/index.php\/titre-de-la-page-dactivites-a-modifier\/","title":{"rendered":"Attivit\u00e0"},"content":{"rendered":"<h1 style=\"text-align: center;\"><span style=\"color: #993300;\"><strong><span style=\"color: #000000;\">Monza<\/span>\u00a0<\/strong><\/span><\/h1>\n<h4 style=\"text-align: center;\"><span style=\"color: #ff6600;\"><strong> Citt\u00e0 Longobarda<\/strong><\/span><em><strong><br \/>\n<\/strong><\/em><\/h4>\n<p style=\"text-align: justify;\"><img loading=\"lazy\" decoding=\"async\" class=\"wp-image-338 alignleft\" src=\"http:\/\/petilia-monza.com\/wp-content\/uploads\/2021\/03\/IMG_0476-164x300.jpg\" alt=\"\" width=\"127\" height=\"232\" srcset=\"https:\/\/petilia-monza.com\/wp-content\/uploads\/2021\/03\/IMG_0476-164x300.jpg 164w, https:\/\/petilia-monza.com\/wp-content\/uploads\/2021\/03\/IMG_0476-561x1024.jpg 561w, https:\/\/petilia-monza.com\/wp-content\/uploads\/2021\/03\/IMG_0476-768x1402.jpg 768w, https:\/\/petilia-monza.com\/wp-content\/uploads\/2021\/03\/IMG_0476-841x1536.jpg 841w, https:\/\/petilia-monza.com\/wp-content\/uploads\/2021\/03\/IMG_0476-1122x2048.jpg 1122w, https:\/\/petilia-monza.com\/wp-content\/uploads\/2021\/03\/IMG_0476-900x1643.jpg 900w, https:\/\/petilia-monza.com\/wp-content\/uploads\/2021\/03\/IMG_0476-1280x2337.jpg 1280w, https:\/\/petilia-monza.com\/wp-content\/uploads\/2021\/03\/IMG_0476-scaled.jpg 1402w\" sizes=\"auto, (max-width: 127px) 100vw, 127px\" \/>Situata nel triangolo lariano, Monza si trova nel cuore della Brianza tra Milano, Como e Lecco.<\/p>\n<p style=\"text-align: justify;\">Questa citt\u00e0 affascinante \u00e8 ricca di storia e di leggende che ancora oggi la legano al suo passato e in particolar modo\u00a0 ad una delle regine tanto amate dal popolo monzese, la regina Longobarda Teodolinda, che scelse Monza come sua residenza prediletta e a cui lasci\u00f2 un patrimonio culturale e artistico di notevole bellezza.<\/p>\n<p style=\"text-align: justify;\">Molti sono i turisti che vengono a visitare ogni anno la citt\u00e0. Tanti sono i curiosi che desiderano ammirare la splendida Corona Ferrea appartenuta alla Regina e custodita all&#8217;interno del Duomo nella cappella a lei dedicata.<\/p>\n<p style=\"text-align: justify;\">Monza ha molto da offrire ed \u00e8 in grado di soddisfare ogni tipo di turista. Il centro storico \u00e8 ricco di monumenti di inestimabile valore culturale e artistico facilmente godibili anche passeggiando tra le vie della citt\u00e0. I numerosi negozi alla moda e di firme prestigiose saranno irresistibili per gli amanti dello shopping. I tavolini all&#8217;aperto di pasticcerie e bar\u00a0 invitano ad una pausa godereccia per degustare le svariate prelibatezze tutte italiane.<\/p>\n<p><iframe loading=\"lazy\" title=\"Cosa vedere a Monza, citt\u00e0 lombarda che sa emozionare\" width=\"629\" height=\"354\" src=\"https:\/\/www.youtube.com\/embed\/KaKb8rFqeFo?feature=oembed\" frameborder=\"0\" allow=\"accelerometer; autoplay; clipboard-write; encrypted-media; gyroscope; picture-in-picture; web-share\" referrerpolicy=\"strict-origin-when-cross-origin\" allowfullscreen><\/iframe><\/p>\n<p>All&#8217;interno di casa&#8221;Petilia&#8221; troverete tutte le informazioni aggiornate su manifestazioni, sport, ristoranti , visite e tutto ci\u00f2 che serve per fare del vostro soggiorno un&#8217;esperienza indimenticabile.<\/p>\n<div class=\"n2_ss_slider_publish__option_code\" dir=\"ltr\" data-mode=\"id\">\n<div class=\"n2_ss_slider_publish__option_code\" dir=\"ltr\" data-mode=\"id\">\n<div><\/div>\n<\/div>\n<\/div>\n<h2 style=\"text-align: center;\">IL PARCO DI MONZA<\/h2>\n<h4 style=\"text-align: center;\"><span style=\"color: #ff6600;\">Il parco recintato pi\u00f9 grande d&#8217;Europa<\/span><\/h4>\n<p>Il parco di Monza fu voluto dall&#8217;Imperatore Napoleone per superare in grandezza e bellezza, quello di Versailles.<\/p>\n<p class=\"_04xlpA direction-ltr align-center para-style-body\"><span class=\"JsGRdQ\">Questo immenso parco, oggi, permette a tutti di poter ammirare e godere dell&#8217;importante patrimonio naturalistico e architettonico che vi \u00e8 racchiuso, grazie a dei percorsi tracciati. Il visitatore in questo modo, \u00e8 facilitato nello scoprire la ricchezza della flora e della fauna ancora presente. Inoltre le antiche ville, le cascine e i mulini fungono da testimoni di un passato non molto lontano.<\/span><\/p>\n<p class=\"_04xlpA direction-ltr align-center para-style-body\"><span class=\"JsGRdQ\">Il parco , un polmone verde in citt\u00e0, attira circa 90 specie di uccelli tra cui una in particolare e di grande valore, il picchio rosso minore, oltre a delle specie erbacee molto pregiate.<\/span><\/p>\n<h1 style=\"text-align: center;\">LA VILLA REALE<\/h1>\n<h4 style=\"text-align: center;\"><span style=\"color: #ff6600;\">Uno splendore alla portata di tutti<\/span><\/h4>\n<p>La Villa Reale fu data in dono da Vittorio Emanuele II, ai neo sposi Umberto e Margherita di Savoia, nel 1878.<\/p>\n<p>Dimora prediletta dalla Regina Margherita che seppe <span class=\"JsGRdQ\">apporre<\/span> <span class=\"JsGRdQ\">agli interni della Villa interventi strutturali e decorativi, conferendo una forte impronta personale negli arredi con il gusto raffinato che la contraddistingueva.<\/span><\/p>\n<p>Amante della cultura , cre\u00f2 un circolo intellettuale molto ambito all&#8217;epoca.<\/p>\n<p>Poeti, scrittori, musicisti erano invitati alle serate organizzate nella Villa per comporre versi e poesie ispirati dalla splendida figura della Regina Margherita.<\/p>\n<p>Giosu\u00e9 Carducci, scrittore italiano, ne fece la sua musa per le sue opere.<\/p>\n<p>Questa splendida Villa, che fu costruita per volere dell&#8217;Imperatrice Maria Teresa d&#8217;Austria, \u00e8 immersa nei cos\u00ec detti &#8221; giardini all&#8217;inglese &#8220;ideati dall&#8217;architetto Piermarini. Delimitati con una recinzione dal retrostante parco di Monza.<\/p>\n<p>La parte pi\u00f9 romantica e affascinante \u00e8 il laghetto,\u00a0 con il piccolo tempio neoclassico, la grotta e la statua di Nettuno ma di inestimabile valore e di sorprendente bellezza \u00e8 anche il famoso roseto.<\/p>\n<p class=\"_04xlpA direction-ltr align-start para-style-body\"><span class=\"JsGRdQ\">Sono presenti 4000 variet\u00e0 anche molto antiche, disposte attorno ad uno specchio d&#8217;acqua o rose rampicanti che adornano la cancellata e il pergolato.<\/span><\/p>\n<p>Queste rose ogni anno, nel mese di Maggio, partecipano a diversi concorsi.<\/p>\n<div id=\"attachment_829\" style=\"width: 250px\" class=\"wp-caption aligncenter\"><img loading=\"lazy\" decoding=\"async\" aria-describedby=\"caption-attachment-829\" class=\"wp-image-829\" src=\"http:\/\/petilia-monza.com\/wp-content\/uploads\/2022\/01\/IMG_1842-300x225.jpg\" alt=\"\" width=\"240\" height=\"180\" srcset=\"https:\/\/petilia-monza.com\/wp-content\/uploads\/2022\/01\/IMG_1842-300x225.jpg 300w, https:\/\/petilia-monza.com\/wp-content\/uploads\/2022\/01\/IMG_1842.jpg 640w\" sizes=\"auto, (max-width: 240px) 100vw, 240px\" \/><p id=\"caption-attachment-829\" class=\"wp-caption-text\"><em>Un esemplare del roseto della Villa Reale<\/em><\/p><\/div>\n<p>E&#8217; possibile respirare l&#8217;atmosfera di altri tempi ed immergersi in quello che un tempo \u00e8 stata la dimora di una Regina molto amata dal popolo , tanto da dedicarle una pizza in suo onore, la pizza Margherita, oggi famosa in tutto il mondo.<\/p>\n<p>La Villa Reale \u00e8 aperta al pubblico con visite organizzate.<\/p>\n<h1 style=\"text-align: center;\">SPORT E ATTIVITA&#8217;<\/h1>\n<h4 style=\"text-align: center;\"><span style=\"color: #ff6600;\">Il divertimento in citt\u00e0<\/span><\/h4>\n<p>A Monza \u00e8 possibile praticare numerosi sport, grazie ai suoi ampi spazi e allo \u00a0 splendido parco a pochi passi dal centro.<\/p>\n<p><span style=\"color: #993300;\"><strong>IN BICICLETTA\u00a0<\/strong><\/span><\/p>\n<p><img loading=\"lazy\" decoding=\"async\" class=\"wp-image-469 alignleft\" src=\"http:\/\/petilia-monza.com\/wp-content\/uploads\/2021\/04\/cycling-2520007_640-300x200.jpg\" alt=\"\" width=\"200\" height=\"133\" srcset=\"https:\/\/petilia-monza.com\/wp-content\/uploads\/2021\/04\/cycling-2520007_640-300x200.jpg 300w, https:\/\/petilia-monza.com\/wp-content\/uploads\/2021\/04\/cycling-2520007_640.jpg 640w\" sizes=\"auto, (max-width: 200px) 100vw, 200px\" \/>Per questo sport sono molte le possibilit\u00e0 che si possono scegliere; \u00a0pedalare tra le numerose vie all&#8217;interno del parco in una cornice verdeggiante tra le ville storiche, gli antichi mulini ma anche sull&#8217;antica pista all&#8217;interno dell&#8217;Autodromo. Oppure, per i pi\u00f9 sportivi, esistono diversi itinerari che partono da Monza e si estendono fino al Ticino, \u00a0Erba o Milano.<\/p>\n<p style=\"text-align: right;\"><span style=\"color: #993300;\"><strong>IL MANEGGIO<\/strong><\/span><\/p>\n<p><img loading=\"lazy\" decoding=\"async\" class=\"wp-image-470 alignright\" src=\"http:\/\/petilia-monza.com\/wp-content\/uploads\/2021\/04\/girl-4922480_640-200x300.jpg\" alt=\"\" width=\"137\" height=\"205\" srcset=\"https:\/\/petilia-monza.com\/wp-content\/uploads\/2021\/04\/girl-4922480_640-200x300.jpg 200w, https:\/\/petilia-monza.com\/wp-content\/uploads\/2021\/04\/girl-4922480_640.jpg 427w\" sizes=\"auto, (max-width: 137px) 100vw, 137px\" \/><\/p>\n<p>Il Centro Ippico di Monza &#8221; Santa Maria alle Selve&#8221; nasce esattamente di fianco alla villa Mirabello, una tra le numerose ville storiche presenti all&#8217;interno del parco di Monza. Il maneggio si estende su un&#8217;area di circa 11.000 mq all&#8217;aperto con 60 box cavalli e un&#8217;area dedicata ai salti ad ostacolo.<\/p>\n<p><span style=\"color: #993300;\"><strong>IL GOLF<\/strong><\/span><\/p>\n<p><img loading=\"lazy\" decoding=\"async\" class=\"wp-image-471 alignleft\" src=\"http:\/\/petilia-monza.com\/wp-content\/uploads\/2021\/04\/golf-2571830_640-200x300.jpg\" alt=\"\" width=\"120\" height=\"180\" srcset=\"https:\/\/petilia-monza.com\/wp-content\/uploads\/2021\/04\/golf-2571830_640-200x300.jpg 200w, https:\/\/petilia-monza.com\/wp-content\/uploads\/2021\/04\/golf-2571830_640.jpg 426w\" sizes=\"auto, (max-width: 120px) 100vw, 120px\" \/><\/p>\n<p>Il golf Club \u00e8 immerso nella pace del parco, in un contesto accogliente e professionale con 27 buche.<\/p>\n<p>Il golf club non \u00e8 solo per i professionisti ma anche per tutti coloro che desiderano provare quest&#8217;attivit\u00e0, infatti esiste la possibilit\u00e0 di prenotare un maestro per lezioni individuali o di gruppo.<\/p>\n<p>La Club House con all&#8217;interno un ristorante, \u00e8 una delle pi\u00f9 belle d&#8217;Europa.<\/p>\n<p style=\"text-align: right;\"><span style=\"color: #993300;\"><strong>IL TENNIS<\/strong><\/span><\/p>\n<p><img loading=\"lazy\" decoding=\"async\" class=\"wp-image-475 alignright\" src=\"http:\/\/petilia-monza.com\/wp-content\/uploads\/2021\/04\/tennis-3554019_640-300x200.jpg\" alt=\"\" width=\"193\" height=\"128\" srcset=\"https:\/\/petilia-monza.com\/wp-content\/uploads\/2021\/04\/tennis-3554019_640-300x200.jpg 300w, https:\/\/petilia-monza.com\/wp-content\/uploads\/2021\/04\/tennis-3554019_640.jpg 640w\" sizes=\"auto, (max-width: 193px) 100vw, 193px\" \/><\/p>\n<p>Un impianto sportivo all&#8217;interno del parco, pochi passi dal centro e pi\u00f9 precisamente situato nei giardini della Villa Reale. I campi sono 8 e tutti in terra rossa . All&#8217;interno della struttura \u00e8 presente il ristorante e il bar.<\/p>\n<p style=\"text-align: right;\"><span style=\"color: #993300;\"><strong>L&#8217;AUTODROMO<\/strong><\/span><\/p>\n<p><img loading=\"lazy\" decoding=\"async\" class=\"wp-image-467 alignright\" src=\"http:\/\/petilia-monza.com\/wp-content\/uploads\/2021\/04\/car-racing-1404063_640-300x173.jpg\" alt=\"\" width=\"206\" height=\"119\" srcset=\"https:\/\/petilia-monza.com\/wp-content\/uploads\/2021\/04\/car-racing-1404063_640-300x173.jpg 300w, https:\/\/petilia-monza.com\/wp-content\/uploads\/2021\/04\/car-racing-1404063_640.jpg 640w\" sizes=\"auto, (max-width: 206px) 100vw, 206px\" \/><\/p>\n<p>Uno dei pi\u00f9 antichi al mondo, costruito nel 1922 ha permesso a molti piloti di diventare dei veri campioni.<\/p>\n<p>Oggi si svolgono numerose manifestazioni tra cui la Formula 1, il Rally di Monza e la Moto Gp.<\/p>\n<p><a href=\"_wp_link_placeholder\" data-wplink-edit=\"true\">https:\/\/drive.google.com\/file\/d\/189YkrA38dWbHIkeO5QHOM9V0dDxLXZ91\/view?usp=sharing<\/a><\/p>\n<p>Ogni anno grazie ai suoi eventi sportivi, Monza riunisce numerosi spettatori desiderosi di vedere il loro idolo sul podio.<\/p>\n<p>E&#8217; possibile provare l&#8217;emozione di ripercorrere il \u00a0tracciato di gara, lasciandosi condurre da uno dei piloti professionisti che organizzano i tour in pista oppure partecipare ad un corso di guida per apprendere le tecniche corrette da adottare in caso di situazioni di emergenza .<\/p>\n<p><em>La driving experience<\/em> invece ti offre l&#8217;opportunit\u00e0 di percorrere la pista come un vero pilota a bordo di una Lamborghini, una Ferrari o una Porche . Diverse solo le formule da poter scegliere e tutti con un istruttore.<\/p>\n<p><span style=\"color: #993300;\"><strong>NORD WALKING<\/strong><\/span><\/p>\n<p><img loading=\"lazy\" decoding=\"async\" class=\"wp-image-472 alignleft\" src=\"http:\/\/petilia-monza.com\/wp-content\/uploads\/2021\/04\/hiking-1154326_640-300x169.jpg\" alt=\"\" width=\"201\" height=\"113\" srcset=\"https:\/\/petilia-monza.com\/wp-content\/uploads\/2021\/04\/hiking-1154326_640-300x169.jpg 300w, https:\/\/petilia-monza.com\/wp-content\/uploads\/2021\/04\/hiking-1154326_640.jpg 640w\" sizes=\"auto, (max-width: 201px) 100vw, 201px\" \/><\/p>\n<p>Questo sport consiste in una camminata accompagnata da appositi bastoncini .Un ottimo esercizio fisico senza eccessivi sforzi muscolari e per questo alla portata di tutti . E&#8217; possibile praticarlo tutto l&#8217;anno.<\/p>\n<p><span style=\"color: #993300;\"><strong>PARCO AVVENTURA<\/strong><\/span><\/p>\n<p><img loading=\"lazy\" decoding=\"async\" class=\"wp-image-468 alignleft\" src=\"http:\/\/petilia-monza.com\/wp-content\/uploads\/2021\/04\/climb-2490802_640-300x200.jpg\" alt=\"\" width=\"201\" height=\"134\" srcset=\"https:\/\/petilia-monza.com\/wp-content\/uploads\/2021\/04\/climb-2490802_640-300x200.jpg 300w, https:\/\/petilia-monza.com\/wp-content\/uploads\/2021\/04\/climb-2490802_640.jpg 640w\" sizes=\"auto, (max-width: 201px) 100vw, 201px\" \/><\/p>\n<p>All&#8217;interno del parco, tra i suoi alberi secolari si trova il parco avventura costituito da 2 percorsi, \u00a0il verde e blu . Quello pi\u00f9 semplice \u00e8 il percorso verde mentre il blu \u00e8 pi\u00f9 impegnativo . Aperto a tutti anche ai bambini dai 5 anni in su.<\/p>\n<p style=\"text-align: right;\"><span style=\"color: #993300;\"><strong>LA CORSA<\/strong><\/span><\/p>\n<p><img loading=\"lazy\" decoding=\"async\" class=\"wp-image-481 alignright\" src=\"http:\/\/petilia-monza.com\/wp-content\/uploads\/2021\/04\/running-3684873_640-300x214.jpg\" alt=\"\" width=\"211\" height=\"150\" srcset=\"https:\/\/petilia-monza.com\/wp-content\/uploads\/2021\/04\/running-3684873_640-300x214.jpg 300w, https:\/\/petilia-monza.com\/wp-content\/uploads\/2021\/04\/running-3684873_640.jpg 640w\" sizes=\"auto, (max-width: 211px) 100vw, 211px\" \/><\/p>\n<p style=\"text-align: right;\">All&#8217;interno del parco sono stati creati appositamente per tutti coloro che amano correre o iniziano con questo sport, 3 percorsi dal pi\u00f9 semplice al pi\u00f9 impegnativo. I percorsi sono evidenziati con i colori : giallo (3 Km), blu (5 Km) e rosso (10 Km).<br \/>\nTutti i percorsi iniziano dall&#8217;ingresso principale di Viale Brianza.<\/p>\n<p><span style=\"color: #993300;\"><strong>LE MARATONE<\/strong><\/span><\/p>\n<p><img loading=\"lazy\" decoding=\"async\" class=\"wp-image-474 alignleft\" src=\"http:\/\/petilia-monza.com\/wp-content\/uploads\/2021\/04\/running-1944798_640-300x200.jpg\" alt=\"\" width=\"210\" height=\"140\" srcset=\"https:\/\/petilia-monza.com\/wp-content\/uploads\/2021\/04\/running-1944798_640-300x200.jpg 300w, https:\/\/petilia-monza.com\/wp-content\/uploads\/2021\/04\/running-1944798_640.jpg 640w\" sizes=\"auto, (max-width: 210px) 100vw, 210px\" \/><\/p>\n<p style=\"text-align: justify;\">In determinati periodi dell&#8217;anno vengono organizzate delle maratone dall&#8217;ente organizzativo FIDAL anche all&#8217;interno del parco di Monza , con la &#8220;mezza maratona reale&#8221; di 21,097 Km. Questo percorso \u00e8 ufficiale e permanete. Tutti gli atleti possono partecipare previa iscrizione all&#8217;apposito sito.<\/p>\n<h2>I sapori della tradizione<\/h2>\n<p>La cucina Monzese \u00e8 molto legata alla tradizione e al suo passato che ancora\u00a0 oggi \u00e8 possibile ritrovare in alcuni piatti\u00a0 :<\/p>\n<p><span style=\"color: #993300;\"><em>Il risotto con la Luganega<\/em><\/span><\/p>\n<p>Tra i primi piatti troviamo il risotto con un igrediente speciale , la salsiccia, chiamata da queste parti , &#8220;luganega&#8221;che amalgamata con lo zafferano e il formaggio crea questo ottimo primo molto gustoso.<\/p>\n<p><span style=\"color: #993300;\"><em>La &#8220;cassoeula&#8221;<\/em><\/span><\/p>\n<p>Parola difficile da pronunciare ma anche un piatto particoalrmente complicato e lungo da preparare. L&#8217;ingrediente principale \u00e8 il maiale e tutte le sue parti meno nobili come il muso, la cotica, i piedini a cui vengono aggiunte le verze, le carote e il sedano. Piatto particolarmente ricco e impegnativo, normalmente viene accompagnato dalla polenta e da un buon vino rosso corposo. Piatto consigliato solo nel periodo invernale.<\/p>\n<p><span style=\"color: #993300;\"><em>La torta paesana<\/em><\/span><\/p>\n<p>Tra i dolci troviamo questa torta di origine povera, a base di cioccolato con pane raffermo ammollato nel latte, cacao, pinoli, frutta candita e uvetta.<\/p>\n<p><span style=\"color: #993300;\"><em>I biscotti di San Gerardo<\/em><\/span><\/p>\n<p>Altro dolce della trazizione monzese sono dei biscotti secchi senza uova, dedicati al santo patrono di Monza, San Gerardo.<\/p>\n<p><span style=\"color: #993300;\"><em>Il pane di San Gerardo<\/em><\/span><\/p>\n<p>Questo dolce , anch&#8217;esso dedicato al Santo patrono , composto da zucchero, miele e frutta secca richiama una leggenda risalente al 1117, anno in cui San Gerardo avrebbe salvato i monzesi dalla piena del fiume Lambro che attraversa la citt\u00e0, stendendo il suo mantello sull&#8217;acqua. In segno di riconoscenza e gratitudine il popolo gli offr\u00ec questo tipo di pane.<\/p>\n<p><span style=\"color: #993300;\"><em>Le birre<\/em><\/span><\/p>\n<p>In molti locali si possono gustare le birre artigianali del luogo da accompagnare con dei primi piatti ma sopratutto con le pizze.<\/p>\n<h2><\/h2>\n<h2 style=\"text-align: justify;\">Ristoranti<\/h2>\n<p>Monza ha un&#8217;ampia scelta di ristoranti e tutti molto buoni ma questi indirizzi sono consigliati da noi :<\/p>\n<p><span style=\"color: #993300;\"><strong>ORSO BRUNO<\/strong><\/span><\/p>\n<p><img loading=\"lazy\" decoding=\"async\" class=\" wp-image-545 alignleft\" src=\"http:\/\/petilia-monza.com\/wp-content\/uploads\/2021\/05\/Orso-bruno-300x300.jpg\" alt=\"\" width=\"238\" height=\"238\" srcset=\"https:\/\/petilia-monza.com\/wp-content\/uploads\/2021\/05\/Orso-bruno-300x300.jpg 300w, https:\/\/petilia-monza.com\/wp-content\/uploads\/2021\/05\/Orso-bruno-150x150.jpg 150w, https:\/\/petilia-monza.com\/wp-content\/uploads\/2021\/05\/Orso-bruno-88x88.jpg 88w, https:\/\/petilia-monza.com\/wp-content\/uploads\/2021\/05\/Orso-bruno.jpg 672w\" sizes=\"auto, (max-width: 238px) 100vw, 238px\" \/><\/p>\n<p>Vicino al centro e a pochi passi da uno dei numerosi ingressi del parco vi accoglie un personale cortese in un ambiente famigliare e rilassante, grazie anche alla sala con veranda. Possibilit\u00e0 di mangiare la pizza di forma allungata, sottile con abbinamenti insoliti, servita su un tagliere di legno: la cucina offre ampia scelta di primi piatti e carni accompagnati da vini ma soprattutto da birre artigianali.<\/p>\n<p><span style=\"color: #993300;\"><strong>PIZZERIA DEL CENTRO<\/strong><\/span><\/p>\n<p><img loading=\"lazy\" decoding=\"async\" class=\"wp-image-544 alignright\" src=\"http:\/\/petilia-monza.com\/wp-content\/uploads\/2021\/05\/ristorante-del-centro-300x300.jpg\" alt=\"\" width=\"237\" height=\"237\" srcset=\"https:\/\/petilia-monza.com\/wp-content\/uploads\/2021\/05\/ristorante-del-centro-300x300.jpg 300w, https:\/\/petilia-monza.com\/wp-content\/uploads\/2021\/05\/ristorante-del-centro-150x150.jpg 150w, https:\/\/petilia-monza.com\/wp-content\/uploads\/2021\/05\/ristorante-del-centro-88x88.jpg 88w, https:\/\/petilia-monza.com\/wp-content\/uploads\/2021\/05\/ristorante-del-centro.jpg 720w\" sizes=\"auto, (max-width: 237px) 100vw, 237px\" \/><\/p>\n<p>Situato nel cuore della vecchia Monza, ambiente ricercato ed informale con materie prime di qualit\u00e0. Il men\u00f9 \u00e8 ricco e vario di primi piatti di pesce e non solo, secodi di carne\u00a0 e pesce e ottime pizze. Possibilit\u00e0 di mangiare anche all&#8217;aperto.<\/p>\n<p><span style=\"color: #993300;\"><strong>UOVA E FARIN\u00e0<\/strong><\/span><\/p>\n<p><img loading=\"lazy\" decoding=\"async\" class=\"wp-image-547 alignleft\" src=\"http:\/\/petilia-monza.com\/wp-content\/uploads\/2021\/05\/uova-e-farina-slider-gaiafoodacademy-10-300x225.jpg\" alt=\"\" width=\"234\" height=\"175\" srcset=\"https:\/\/petilia-monza.com\/wp-content\/uploads\/2021\/05\/uova-e-farina-slider-gaiafoodacademy-10-300x225.jpg 300w, https:\/\/petilia-monza.com\/wp-content\/uploads\/2021\/05\/uova-e-farina-slider-gaiafoodacademy-10-768x576.jpg 768w, https:\/\/petilia-monza.com\/wp-content\/uploads\/2021\/05\/uova-e-farina-slider-gaiafoodacademy-10-900x675.jpg 900w, https:\/\/petilia-monza.com\/wp-content\/uploads\/2021\/05\/uova-e-farina-slider-gaiafoodacademy-10.jpg 960w\" sizes=\"auto, (max-width: 234px) 100vw, 234px\" \/><\/p>\n<p>Ristorante ideale dove degustare l&#8217;artigianalit\u00e0 di un piatto tutto italiano, la pasta fresca! Prodotti fatti in casa con materie prime selezionate, possibilit\u00e0 di acquistare anche al banco i prodotti del giorno.<\/p>\n<p><span style=\"color: #993300;\"><strong>LAIT<\/strong><\/span><\/p>\n<p><img loading=\"lazy\" decoding=\"async\" class=\"alignnone size-medium wp-image-549\" src=\"http:\/\/petilia-monza.com\/wp-content\/uploads\/2021\/05\/index-300x162.jpg\" alt=\"\" width=\"300\" height=\"162\" srcset=\"https:\/\/petilia-monza.com\/wp-content\/uploads\/2021\/05\/index-300x162.jpg 300w, https:\/\/petilia-monza.com\/wp-content\/uploads\/2021\/05\/index.jpg 306w\" sizes=\"auto, (max-width: 300px) 100vw, 300px\" \/><\/p>\n<p>Ristorante elegante e raffinato con un men\u00f9 molto ricco di materie prime di qualit\u00e0 con accostamenti insoliti di gusti, profumi ed essenze. Pizze, primi piatti, secondi di carne, pesce ma anche suhi e dolci particolari.<\/p>\n<p><span style=\"color: #993300;\"><strong>CASCINA FRUTTETO<\/strong><\/span><\/p>\n<p><img loading=\"lazy\" decoding=\"async\" class=\"size-medium wp-image-551 alignleft\" src=\"http:\/\/petilia-monza.com\/wp-content\/uploads\/2021\/05\/a71d2fd2-7538-4c5b-a400-ec097ed9ef28-300x169.jpg\" alt=\"\" width=\"300\" height=\"169\" srcset=\"https:\/\/petilia-monza.com\/wp-content\/uploads\/2021\/05\/a71d2fd2-7538-4c5b-a400-ec097ed9ef28-300x169.jpg 300w, https:\/\/petilia-monza.com\/wp-content\/uploads\/2021\/05\/a71d2fd2-7538-4c5b-a400-ec097ed9ef28-768x432.jpg 768w, https:\/\/petilia-monza.com\/wp-content\/uploads\/2021\/05\/a71d2fd2-7538-4c5b-a400-ec097ed9ef28.jpg 800w\" sizes=\"auto, (max-width: 300px) 100vw, 300px\" \/><\/p>\n<p>Immerso nel contesto naturalistico del parco , di fianco alla scuola agraria di cui utilizza i prodotti coltivati dai ragazzi della scuola per riproporli in piatti genuini in grado di soddisfare ogni palato. Ambiente accolgiente, ideale per una cena romantica, in famiglia o con un gruppo di amici.<\/p>\n<hr \/>\n<p>Qualsiasi sia il motivo che vi spinge a venire a trascorrere dei giorni nell&#8217;incantevole citt\u00e0 di Monza, casa &#8220;Petilia&#8221; \u00e8 pronta ad accogliervi per farvi sentire come a casa. La sua posizione appartata ma anche comoda per raggiungere l&#8217;Ospedale San Gerardo, il centro o il parco di Monza, ne fa la meta ideale per tutti .<\/p>\n<p><span style=\"color: #ff0000;\"><strong>PRENOTATE IL VOSTRO SOGGIORNO DA QUESTO SITO, RISPARMIATE DAL\u00a0 10 AL 20% DI COMMISSIONI INUTILI CHE NORMALMENTE VENGONO APPLICATI SUI CLASSICI SITI DI ANNUNCIO.<\/strong> <\/span><\/p>\n<p><a href=\"http:\/\/petilia-monza.com\/index.php\/titre-de-la-page-des-disponibilites-et-tarifs-a-modifier\/\">Pianificate il vostro soggiorno, verificate subito la disponibilit\u00e0 QUI<\/a><\/p>\n<p style=\"text-align: justify;\"><span style=\"color: #3366ff;\"><em>\u00a0<\/em><\/span><\/p>\n<p style=\"text-align: justify;\">\n<p style=\"text-align: justify;\">\n<p style=\"text-align: justify;\"><span style=\"color: #3366ff;\"><em>\u00a0<\/em><\/span><\/p>\n<p style=\"text-align: justify;\">\n<p style=\"text-align: justify;\">\n<p style=\"text-align: justify;\">\n<p style=\"text-align: justify;\">\n<p style=\"text-align: justify;\">\n<h2 style=\"text-align: justify;\"><\/h2>\n<p style=\"text-align: justify;\">\n<p style=\"text-align: justify;\">\n","protected":false},"excerpt":{"rendered":"<p>Monza\u00a0 Citt\u00e0 Longobarda Situata nel triangolo lariano, Monza si trova nel cuore della Brianza tra Milano, Como e Lecco. Questa citt\u00e0 affascinante \u00e8 ricca di storia e di leggende che ancora oggi la legano al suo passato e in particolar modo\u00a0 ad una delle regine tanto amate dal popolo monzese, la regina Longobarda Teodolinda, che [&hellip;]<\/p>\n","protected":false},"author":1,"featured_media":0,"parent":0,"menu_order":6,"comment_status":"closed","ping_status":"closed","template":"full-width-page-template.php","meta":{"footnotes":""},"class_list":["post-42","page","type-page","status-publish","hentry"],"_links":{"self":[{"href":"https:\/\/petilia-monza.com\/index.php\/wp-json\/wp\/v2\/pages\/42","targetHints":{"allow":["GET"]}}],"collection":[{"href":"https:\/\/petilia-monza.com\/index.php\/wp-json\/wp\/v2\/pages"}],"about":[{"href":"https:\/\/petilia-monza.com\/index.php\/wp-json\/wp\/v2\/types\/page"}],"author":[{"embeddable":true,"href":"https:\/\/petilia-monza.com\/index.php\/wp-json\/wp\/v2\/users\/1"}],"replies":[{"embeddable":true,"href":"https:\/\/petilia-monza.com\/index.php\/wp-json\/wp\/v2\/comments?post=42"}],"version-history":[{"count":79,"href":"https:\/\/petilia-monza.com\/index.php\/wp-json\/wp\/v2\/pages\/42\/revisions"}],"predecessor-version":[{"id":923,"href":"https:\/\/petilia-monza.com\/index.php\/wp-json\/wp\/v2\/pages\/42\/revisions\/923"}],"wp:attachment":[{"href":"https:\/\/petilia-monza.com\/index.php\/wp-json\/wp\/v2\/media?parent=42"}],"curies":[{"name":"wp","href":"https:\/\/api.w.org\/{rel}","templated":true}]}}