{"id":391,"date":"2021-04-05T17:03:47","date_gmt":"2021-04-05T15:03:47","guid":{"rendered":"http:\/\/petilia-monza.com\/?page_id=391"},"modified":"2021-12-30T12:54:22","modified_gmt":"2021-12-30T11:54:22","slug":"le-nostre-case","status":"publish","type":"page","link":"https:\/\/petilia-monza.com\/index.php\/le-nostre-case\/","title":{"rendered":"Le nostre case"},"content":{"rendered":"\r\n<p><em>Dalla citt\u00e0 al mare &#8230;<\/em><\/p>\r\n\r\n\r\n\r\n<p><strong>GOL\u00c9A MARE<\/strong><\/p>\r\n\r\n\r\n\r\n<p>Desiderose di proporre alloggi di qualit\u00e0 ai nostri ospiti ed offrire loro la possibilit\u00e0 di prolungare le loro vacanze in <strong>un\u2019altra regione<\/strong> o per coloro che lo auspicano, di trascorrere le loro vacanze in un altro luogo,<br \/><strong>raccomandiamo<\/strong> i nostri appartamenti :<\/p>\r\n\r\n\r\n\r\n<p><strong>Regione<\/strong>:\u00a0Liguria ( Riviera di Ponente \u2013 Riviera dei Fiori)<\/p>\r\n\r\n\r\n\r\n<p><strong>Descrizione:<\/strong> questo bell&#8217; appartamento moderno, vicino alle spiagge, le cui ampie vetrate aprono su una lunga e gradevole terrazza, accoglie 4 persone in qualsiasi stagione .<br \/>L\u2019aspetto intimo, privato di questa casa e cos\u00ec pure il suo fascino, la rendono<br \/>molo diversa dei soliti appartamenti .<\/p>\r\n\r\n\r\n\r\n<p><strong>Sito web:<\/strong> <a href=\"http:\/\/www.golea-mare.com\">http:\/\/www.golea-mare.com<\/a><a href=\"https:\/\/www.canva.com\/design\/DAEz7ksa9wk\/xITvV5JMuxZ1QpUl9kVl0g\/watch?utm_content=DAEz7ksa9wk&amp;utm_campaign=designshare&amp;utm_medium=link&amp;utm_source=publishsharelink\">https:\/<\/a><\/p>\r\n<p>&nbsp;<\/p>\r\n\r\n\r\n\r\n<figure class=\"wp-block-gallery columns-3 is-cropped wp-block-gallery-1 is-layout-flex wp-block-gallery-is-layout-flex\">\r\n<ul class=\"blocks-gallery-grid\">\r\n<li class=\"blocks-gallery-item\">\r\n<figure><img loading=\"lazy\" decoding=\"async\" width=\"426\" height=\"320\" class=\"wp-image-398\" src=\"http:\/\/petilia-monza.com\/wp-content\/uploads\/2021\/04\/2-salon-avec-chemine\u0301e.jpg\" alt=\"\" data-id=\"398\" srcset=\"https:\/\/petilia-monza.com\/wp-content\/uploads\/2021\/04\/2-salon-avec-chemine\u0301e.jpg 426w, https:\/\/petilia-monza.com\/wp-content\/uploads\/2021\/04\/2-salon-avec-chemine\u0301e-300x225.jpg 300w\" sizes=\"auto, (max-width: 426px) 100vw, 426px\" \/>\r\n<figcaption class=\"blocks-gallery-item__caption\">L&#8217;intimit\u00e0 di Golea<\/figcaption>\r\n<\/figure>\r\n<\/li>\r\n<li class=\"blocks-gallery-item\">\r\n<figure><img loading=\"lazy\" decoding=\"async\" width=\"426\" height=\"320\" class=\"wp-image-400\" src=\"http:\/\/petilia-monza.com\/wp-content\/uploads\/2021\/04\/5-terrasse-du-petit-de\u0301jeuner.jpg\" alt=\"\" data-id=\"400\" data-link=\"http:\/\/petilia-monza.com\/index.php\/le-nostre-case\/5-terrasse-du-petit-dejeuner\/\" srcset=\"https:\/\/petilia-monza.com\/wp-content\/uploads\/2021\/04\/5-terrasse-du-petit-de\u0301jeuner.jpg 426w, https:\/\/petilia-monza.com\/wp-content\/uploads\/2021\/04\/5-terrasse-du-petit-de\u0301jeuner-300x225.jpg 300w\" sizes=\"auto, (max-width: 426px) 100vw, 426px\" \/>\r\n<figcaption class=\"blocks-gallery-item__caption\">Un ampio terrazzo<\/figcaption>\r\n<\/figure>\r\n<\/li>\r\n<li class=\"blocks-gallery-item\">\r\n<figure><img loading=\"lazy\" decoding=\"async\" width=\"1024\" height=\"768\" class=\"wp-image-402\" src=\"http:\/\/petilia-monza.com\/wp-content\/uploads\/2021\/04\/PHOTO-2021-03-23-13-07-52-2-1.jpg\" alt=\"\" data-id=\"402\" data-full-url=\"http:\/\/petilia-monza.com\/wp-content\/uploads\/2021\/04\/PHOTO-2021-03-23-13-07-52-2-1.jpg\" data-link=\"http:\/\/petilia-monza.com\/index.php\/le-nostre-case\/photo-2021-03-23-13-07-52-2-1\/\" srcset=\"https:\/\/petilia-monza.com\/wp-content\/uploads\/2021\/04\/PHOTO-2021-03-23-13-07-52-2-1.jpg 1024w, https:\/\/petilia-monza.com\/wp-content\/uploads\/2021\/04\/PHOTO-2021-03-23-13-07-52-2-1-300x225.jpg 300w, https:\/\/petilia-monza.com\/wp-content\/uploads\/2021\/04\/PHOTO-2021-03-23-13-07-52-2-1-768x576.jpg 768w, https:\/\/petilia-monza.com\/wp-content\/uploads\/2021\/04\/PHOTO-2021-03-23-13-07-52-2-1-900x675.jpg 900w\" sizes=\"auto, (max-width: 1024px) 100vw, 1024px\" \/>\r\n<figcaption class=\"blocks-gallery-item__caption\">La vista sul Golfo<\/figcaption>\r\n<\/figure>\r\n<\/li>\r\n<li class=\"blocks-gallery-item\">\r\n<figure><img loading=\"lazy\" decoding=\"async\" width=\"426\" height=\"320\" class=\"wp-image-399\" src=\"http:\/\/petilia-monza.com\/wp-content\/uploads\/2021\/04\/4-chambre-a\u0300-coucher.jpg\" alt=\"\" data-id=\"399\" data-link=\"http:\/\/petilia-monza.com\/index.php\/le-nostre-case\/4-chambre-a-coucher\/\" srcset=\"https:\/\/petilia-monza.com\/wp-content\/uploads\/2021\/04\/4-chambre-a\u0300-coucher.jpg 426w, https:\/\/petilia-monza.com\/wp-content\/uploads\/2021\/04\/4-chambre-a\u0300-coucher-300x225.jpg 300w\" sizes=\"auto, (max-width: 426px) 100vw, 426px\" \/>\r\n<figcaption class=\"blocks-gallery-item__caption\">La camera da letto confortevole<\/figcaption>\r\n<\/figure>\r\n<\/li>\r\n<\/ul>\r\n<\/figure>\r\n\r\n\r\n\r\n<p>__________________________________________________<\/p>\r\n\r\n\r\n\r\n<p><em>De la ville \u00e0 la mer &#8230;<\/em><\/p>\r\n\r\n\r\n\r\n<p><strong>GOL\u00c9A MARE<\/strong><\/p>\r\n\r\n\r\n\r\n<p>D\u00e9sireuses de proposer un logement de qualit\u00e9 \u00e0 nos h\u00f4tes et de leur offrir la possibilit\u00e9 de\u00a0prolonger leur s\u00e9jour dans <strong>une autre<\/strong> <strong>r\u00e9gion<\/strong> ou pour ceux qui le d\u00e9sirent de passer leurs prochaines vacances \u00e0 la d\u00e9couverte d\u2019autres lieux, <strong>nous recommandons<\/strong> la location dont vous trouverez les d\u00e9tails ci-dessous .<\/p>\r\n\r\n\r\n\r\n<p><strong>R\u00e9gion :<\/strong> Ligurie ( Riviera di Ponente \u2013 Riviera dei Fiori )<\/p>\r\n\r\n\r\n\r\n<p><strong>Description : <\/strong>ce bel appartement moderne, proche des plages dont les grandes baies vitr\u00e9es ouvrent sur une longue et agr\u00e9able terrasse, accueille confortablement 4 personnes, en toute saison .<br \/>L\u2019aspect priv\u00e9 et intime de cette location ainsi que son charme la rendent tr\u00e8s diff\u00e9rente des appartements habituels .<\/p>\r\n\r\n\r\n\r\n<p><strong>Site web<\/strong> :<a href=\"http:\/\/www.golea-mare.com\">http:\/\/www.golea-mare.com<\/a><\/p>\r\n\r\n\r\n\r\n<p>_________________________________________________<\/p>\r\n\r\n\r\n\r\n<p><em>From the city to the sea &#8230;<\/em><\/p>\r\n\r\n\r\n\r\n<p><strong>GOL\u00c9A MARE<\/strong><\/p>\r\n\r\n\r\n\r\n<p>Desiring to suggest a quality accommodation to our guests who wish to extend their holidays in <strong>another region<\/strong> or for those who want to spend their holidays in a different place, <strong>we recommend<\/strong> the rental of which you will find the details below .<\/p>\r\n\r\n\r\n\r\n<p><strong>Region : <\/strong>Liguria ( West Coast \u2013 Riviera of Flowers )<\/p>\r\n\r\n\r\n\r\n<p><strong>Description : <\/strong>this beautiful, modern apartment close to the beaches whose large sliding windows open onto a long and very pleasant terrace, comfortably accommodates for 4 persons in any season.<br \/>The private and intimate aspect of this rental as well as its charm makes it different from the usual apartment .<\/p>\r\n\r\n\r\n\r\n<p><strong>\u00a0Website :<\/strong><a href=\"http:\/\/www.golea-mare.com\">http:\/\/www.golea-mare.com<\/a><\/p>\r\n\r\n\r\n\r\n<p>&#8212;&#8212;&#8212;&#8212;&#8212;&#8212;&#8212;&#8212;&#8212;&#8212;&#8212;&#8212;&#8212;&#8212;&#8212;&#8212;&#8212;&#8212;&#8212;&#8212;&#8212;&#8212;&#8212;&#8212;&#8212;&#8212;&#8212;-<\/p>\r\n\r\n\r\n\r\n<p><em>Sulle sponde del Lago di Como &#8230;<\/em><\/p>\r\n\r\n\r\n\r\n<p><strong>ESCALE INCANTO<br \/><\/strong><\/p>\r\n\r\n\r\n\r\n<p><strong>Regione :<\/strong> Lombardia \u2013 Lago di Como<\/p>\r\n\r\n\r\n\r\n<figure class=\"wp-block-image size-large\"><img loading=\"lazy\" decoding=\"async\" width=\"300\" height=\"225\" class=\"wp-image-406\" src=\"http:\/\/petilia-monza.com\/wp-content\/uploads\/2021\/04\/P1020854-300x225-1.jpg\" alt=\"\" \/><\/figure>\r\n\r\n\r\n\r\n<p><strong>Descrizione: <\/strong>in una residenza privata con piscina, questo appartamento luminoso e confortevole pu\u00f2 ospitare 4 persone.<br \/>Consigliamo questa casa, situata sulla Greenway, immersa nel verde ma vicina ai principali siti turistici , ella incanta con la vista unica sul lago e sul suo ambiente.<strong><br \/><\/strong><\/p>\r\n\r\n\r\n\r\n<p><strong>Sito web : <a href=\"http:\/\/www.escale-incanto.com\">http:\/\/www.escale-incanto.com<\/a><\/strong><\/p>\r\n\r\n\r\n\r\n<figure class=\"wp-block-gallery columns-3 is-cropped wp-block-gallery-2 is-layout-flex wp-block-gallery-is-layout-flex\">\r\n<ul class=\"blocks-gallery-grid\">\r\n<li class=\"blocks-gallery-item\">\r\n<figure><img loading=\"lazy\" decoding=\"async\" width=\"450\" height=\"340\" class=\"wp-image-407\" src=\"http:\/\/petilia-monza.com\/wp-content\/uploads\/2021\/04\/M1-Apero-au-balcon.jpg\" alt=\"\" data-id=\"407\" srcset=\"https:\/\/petilia-monza.com\/wp-content\/uploads\/2021\/04\/M1-Apero-au-balcon.jpg 450w, https:\/\/petilia-monza.com\/wp-content\/uploads\/2021\/04\/M1-Apero-au-balcon-300x227.jpg 300w\" sizes=\"auto, (max-width: 450px) 100vw, 450px\" \/><\/figure>\r\n<\/li>\r\n<li class=\"blocks-gallery-item\">\r\n<figure><img loading=\"lazy\" decoding=\"async\" width=\"300\" height=\"227\" class=\"wp-image-408\" src=\"http:\/\/petilia-monza.com\/wp-content\/uploads\/2021\/04\/M2-soggiorno-300x227-1.jpg\" alt=\"\" data-id=\"408\" data-link=\"http:\/\/petilia-monza.com\/index.php\/le-nostre-case\/m2-soggiorno-300x227-1\/\" \/><\/figure>\r\n<\/li>\r\n<li class=\"blocks-gallery-item\">\r\n<figure><img loading=\"lazy\" decoding=\"async\" width=\"450\" height=\"340\" class=\"wp-image-409\" src=\"http:\/\/petilia-monza.com\/wp-content\/uploads\/2021\/04\/M3-Angolo-salotto.jpg\" alt=\"\" data-id=\"409\" data-link=\"http:\/\/petilia-monza.com\/index.php\/le-nostre-case\/m3-angolo-salotto\/\" srcset=\"https:\/\/petilia-monza.com\/wp-content\/uploads\/2021\/04\/M3-Angolo-salotto.jpg 450w, https:\/\/petilia-monza.com\/wp-content\/uploads\/2021\/04\/M3-Angolo-salotto-300x227.jpg 300w\" sizes=\"auto, (max-width: 450px) 100vw, 450px\" \/><\/figure>\r\n<\/li>\r\n<li class=\"blocks-gallery-item\">\r\n<figure><img loading=\"lazy\" decoding=\"async\" width=\"450\" height=\"340\" class=\"wp-image-410\" src=\"http:\/\/petilia-monza.com\/wp-content\/uploads\/2021\/04\/M4-camera-matrimoniale.jpg\" alt=\"\" data-id=\"410\" data-link=\"http:\/\/petilia-monza.com\/index.php\/le-nostre-case\/m4-camera-matrimoniale\/\" srcset=\"https:\/\/petilia-monza.com\/wp-content\/uploads\/2021\/04\/M4-camera-matrimoniale.jpg 450w, https:\/\/petilia-monza.com\/wp-content\/uploads\/2021\/04\/M4-camera-matrimoniale-300x227.jpg 300w\" sizes=\"auto, (max-width: 450px) 100vw, 450px\" \/><\/figure>\r\n<\/li>\r\n<li class=\"blocks-gallery-item\">\r\n<figure><img loading=\"lazy\" decoding=\"async\" width=\"450\" height=\"340\" class=\"wp-image-411\" src=\"http:\/\/petilia-monza.com\/wp-content\/uploads\/2021\/04\/M5-2a-chambre.jpg\" alt=\"\" data-id=\"411\" data-link=\"http:\/\/petilia-monza.com\/index.php\/le-nostre-case\/m5-2a-chambre\/\" srcset=\"https:\/\/petilia-monza.com\/wp-content\/uploads\/2021\/04\/M5-2a-chambre.jpg 450w, https:\/\/petilia-monza.com\/wp-content\/uploads\/2021\/04\/M5-2a-chambre-300x227.jpg 300w\" sizes=\"auto, (max-width: 450px) 100vw, 450px\" \/><\/figure>\r\n<\/li>\r\n<li class=\"blocks-gallery-item\">\r\n<figure><img loading=\"lazy\" decoding=\"async\" width=\"450\" height=\"340\" class=\"wp-image-412\" src=\"http:\/\/petilia-monza.com\/wp-content\/uploads\/2021\/04\/M6-piscina.jpg\" alt=\"\" data-id=\"412\" data-full-url=\"http:\/\/petilia-monza.com\/wp-content\/uploads\/2021\/04\/M6-piscina.jpg\" data-link=\"http:\/\/petilia-monza.com\/index.php\/le-nostre-case\/m6-piscina\/\" srcset=\"https:\/\/petilia-monza.com\/wp-content\/uploads\/2021\/04\/M6-piscina.jpg 450w, https:\/\/petilia-monza.com\/wp-content\/uploads\/2021\/04\/M6-piscina-300x227.jpg 300w\" sizes=\"auto, (max-width: 450px) 100vw, 450px\" \/><\/figure>\r\n<\/li>\r\n<\/ul>\r\n<\/figure>\r\n\r\n\r\n\r\n<p>____________________________________________________<\/p>\r\n\r\n\r\n\r\n<p><em>Sur les rives du lac de C\u00f4me &#8230;<\/em><\/p>\r\n\r\n\r\n\r\n<p><strong>ESCALE INCANTO<\/strong><\/p>\r\n\r\n\r\n\r\n<p><strong>R\u00e9gion : Lombardie : Lac de C\u00f4me<\/strong><\/p>\r\n\r\n\r\n\r\n<p><strong>Description : <\/strong>au sein d\u2019une r\u00e9sidence priv\u00e9e avec piscine, cette location lumineuse et confortable accueille 4 personnes. Nous recommandons cet appartement, situ\u00e9 sur la Greenway, immerg\u00e9 en pleine nature mais proche des principaux sites touristiques car il enchante par la vue unique sur le lac et son environnement.<\/p>\r\n\r\n\r\n\r\n<p><strong>Site web\u00a0 :\u00a0<a href=\"http:\/\/www.escale-incanto.com\">http:\/\/www.escale-incanto.com<\/a><\/strong><\/p>\r\n\r\n\r\n\r\n<p>___________________________________________________<\/p>\r\n\r\n\r\n\r\n<p><em>On the shores of Como&#8217;s lake &#8230;<\/em><\/p>\r\n\r\n\r\n\r\n<p><strong>ESCALE INCANTO<\/strong><\/p>\r\n\r\n\r\n\r\n<p><strong>Region : <\/strong>Lombardy <strong>\u2013 <\/strong>Lake Como<\/p>\r\n\r\n\r\n\r\n<p><strong>Description:<\/strong> in a private residence with swimming pool, this bright and\u00a0 \u00a0 \u00a0 comfortable rental can accommodate 4 people.<br \/>We recommend this apartment, located on the Greenway, immersed in the green but close to the main tourist sites because it enchants with the unique view of the lake and its environment.<\/p>\r\n\r\n\r\n\r\n<p><strong>Website : <a href=\"http:\/\/www.escale-incanto.com\">http:\/\/www.escale-incanto.com<\/a><\/strong><\/p>\r\n","protected":false},"excerpt":{"rendered":"<p>Dalla citt\u00e0 al mare &#8230; GOL\u00c9A MARE Desiderose di proporre alloggi di qualit\u00e0 ai nostri ospiti ed offrire loro la possibilit\u00e0 di prolungare le loro vacanze in un\u2019altra regione o per coloro che lo auspicano, di trascorrere le loro vacanze in un altro luogo,raccomandiamo i nostri appartamenti : Regione:\u00a0Liguria ( Riviera di Ponente \u2013 Riviera [&hellip;]<\/p>\n","protected":false},"author":1,"featured_media":0,"parent":0,"menu_order":0,"comment_status":"closed","ping_status":"closed","template":"full-width-page-template.php","meta":{"footnotes":""},"class_list":["post-391","page","type-page","status-publish","hentry"],"_links":{"self":[{"href":"https:\/\/petilia-monza.com\/index.php\/wp-json\/wp\/v2\/pages\/391","targetHints":{"allow":["GET"]}}],"collection":[{"href":"https:\/\/petilia-monza.com\/index.php\/wp-json\/wp\/v2\/pages"}],"about":[{"href":"https:\/\/petilia-monza.com\/index.php\/wp-json\/wp\/v2\/types\/page"}],"author":[{"embeddable":true,"href":"https:\/\/petilia-monza.com\/index.php\/wp-json\/wp\/v2\/users\/1"}],"replies":[{"embeddable":true,"href":"https:\/\/petilia-monza.com\/index.php\/wp-json\/wp\/v2\/comments?post=391"}],"version-history":[{"count":15,"href":"https:\/\/petilia-monza.com\/index.php\/wp-json\/wp\/v2\/pages\/391\/revisions"}],"predecessor-version":[{"id":825,"href":"https:\/\/petilia-monza.com\/index.php\/wp-json\/wp\/v2\/pages\/391\/revisions\/825"}],"wp:attachment":[{"href":"https:\/\/petilia-monza.com\/index.php\/wp-json\/wp\/v2\/media?parent=391"}],"curies":[{"name":"wp","href":"https:\/\/api.w.org\/{rel}","templated":true}]}}